{"id":93,"date":"2022-08-24T13:58:08","date_gmt":"2022-08-24T13:58:08","guid":{"rendered":"https:\/\/www.maiuscentral.com\/jrs_ca\/?page_id=93"},"modified":"2023-01-15T20:41:05","modified_gmt":"2023-01-15T18:41:05","slug":"arxiu","status":"publish","type":"page","link":"https:\/\/www.maiuscentral.com\/jrs_ca\/arxiu\/","title":{"rendered":"Arxiu"},"content":{"rendered":"\n<p>Aquest \u00e9s l&#8217;Arxiu del WebComic. Trobar\u00e0s totes les entrades fins al moment (en Catal\u00e0, des de la 500 a la darrera).<\/p>\n\n\n\n<div class=\"wp-block-query is-layout-flow wp-block-query-is-layout-flow\"><ul class=\"wp-block-post-template is-layout-flow wp-block-post-template-is-layout-flow\"><li class=\"wp-block-post post-359 post type-post status-publish format-standard has-post-thumbnail hentry category-jrs_comic category-ch4_nightffib tag-gem tag-pen tag-steffy\">\n<h2 class=\"wp-block-post-title has-small-font-size\"><a href=\"https:\/\/www.maiuscentral.com\/jrs_ca\/preparatius-part-2\/\" target=\"_self\" >514 &#8211; Preparatius (Part 2)<\/a><\/h2>\n\n<div class=\"wp-block-post-date\"><time datetime=\"2022-02-15T18:46:00+02:00\">15 de febrer de 2022<\/time><\/div>\n<\/li><li class=\"wp-block-post post-355 post type-post status-publish format-standard has-post-thumbnail hentry category-jrs_comic category-ch4_nightffib tag-bill tag-chilla tag-gem tag-magic-man tag-pj tag-steffy\">\n<h2 class=\"wp-block-post-title has-small-font-size\"><a href=\"https:\/\/www.maiuscentral.com\/jrs_ca\/preparatius-part-1\/\" target=\"_self\" >513 &#8211; Preparatius (Part 1)<\/a><\/h2>\n\n<div class=\"wp-block-post-date\"><time datetime=\"2022-02-01T18:42:00+02:00\">1 de febrer de 2022<\/time><\/div>\n<\/li><li class=\"wp-block-post post-350 post type-post status-publish format-standard has-post-thumbnail hentry category-jrs_comic category-ch4_nightffib tag-johnny tag-steffy\">\n<h2 class=\"wp-block-post-title has-small-font-size\"><a href=\"https:\/\/www.maiuscentral.com\/jrs_ca\/conilles-explosives\/\" target=\"_self\" >512 &#8211; Conilles Explosives<\/a><\/h2>\n\n<div class=\"wp-block-post-date\"><time datetime=\"2022-01-24T18:38:00+02:00\">24 de gener de 2022<\/time><\/div>\n<\/li><li class=\"wp-block-post post-346 post type-post status-publish format-standard has-post-thumbnail hentry category-jrs_comic category-ch4_nightffib tag-chilla tag-gem tag-steffy\">\n<h2 class=\"wp-block-post-title has-small-font-size\"><a href=\"https:\/\/www.maiuscentral.com\/jrs_ca\/rep-steffany-part-3\/\" target=\"_self\" >511 &#8211; Rep. Steffany (Part 3)<\/a><\/h2>\n\n<div class=\"wp-block-post-date\"><time datetime=\"2021-09-01T18:33:00+02:00\">1 de setembre de 2021<\/time><\/div>\n<\/li><li class=\"wp-block-post post-184 post type-post status-publish format-standard has-post-thumbnail hentry category-jrs_comic category-ch4_nightffib tag-lazarus tag-steffy\">\n<h2 class=\"wp-block-post-title has-small-font-size\"><a href=\"https:\/\/www.maiuscentral.com\/jrs_ca\/rep-steffany-part-2\/\" target=\"_self\" >510 &#8211; Rep. Steffany (Part 2)<\/a><\/h2>\n\n<div class=\"wp-block-post-date\"><time datetime=\"2021-08-02T19:29:00+02:00\">2 d&#8217;agost de 2021<\/time><\/div>\n<\/li><li class=\"wp-block-post post-172 post type-post status-publish format-standard has-post-thumbnail hentry category-jrs_comic category-ch4_nightffib tag-lazarus tag-steffy\">\n<h2 class=\"wp-block-post-title has-small-font-size\"><a href=\"https:\/\/www.maiuscentral.com\/jrs_ca\/rep-steffany-part-1\/\" target=\"_self\" >509 &#8211; Rep. Steffany (Part 1)<\/a><\/h2>\n\n<div class=\"wp-block-post-date\"><time datetime=\"2021-07-18T19:13:00+02:00\">18 de juliol de 2021<\/time><\/div>\n<\/li><li class=\"wp-block-post post-82 post type-post status-publish format-standard has-post-thumbnail hentry category-jrs_comic category-ch4_nightffib tag-gem tag-johnny tag-roy tag-steffy\">\n<h2 class=\"wp-block-post-title has-small-font-size\"><a href=\"https:\/\/www.maiuscentral.com\/jrs_ca\/consells-i-delegacions\/\" target=\"_self\" >508 &#8211; Consells i Delegacions<\/a><\/h2>\n\n<div class=\"wp-block-post-date\"><time datetime=\"2021-06-25T19:34:00+02:00\">25 de juny de 2021<\/time><\/div>\n<\/li><li class=\"wp-block-post post-79 post type-post status-publish format-standard has-post-thumbnail hentry category-jrs_comic category-ch4_nightffib tag-gem tag-poni\">\n<h2 class=\"wp-block-post-title has-small-font-size\"><a href=\"https:\/\/www.maiuscentral.com\/jrs_ca\/esmorzar-en-parella\/\" target=\"_self\" >507 &#8211; Esmorzar en Parella<\/a><\/h2>\n\n<div class=\"wp-block-post-date\"><time datetime=\"2021-06-10T19:33:00+02:00\">10 de juny de 2021<\/time><\/div>\n<\/li><li class=\"wp-block-post post-76 post type-post status-publish format-standard has-post-thumbnail hentry category-jrs_comic category-ch4_nightffib tag-ivone tag-johnny tag-steffy\">\n<h2 class=\"wp-block-post-title has-small-font-size\"><a href=\"https:\/\/www.maiuscentral.com\/jrs_ca\/noticies-matineres\/\" target=\"_self\" >506 &#8211; Not\u00edcies Matineres<\/a><\/h2>\n\n<div class=\"wp-block-post-date\"><time datetime=\"2021-05-25T19:31:00+02:00\">25 de maig de 2021<\/time><\/div>\n<\/li><li class=\"wp-block-post post-73 post type-post status-publish format-standard has-post-thumbnail hentry category-jrs_comic category-ch4_nightffib tag-familia-dsteffy tag-ivone tag-johnny tag-steffy\">\n<h2 class=\"wp-block-post-title has-small-font-size\"><a href=\"https:\/\/www.maiuscentral.com\/jrs_ca\/esmorzar-en-grup\/\" target=\"_self\" >505 &#8211; Esmorzar en Grup<\/a><\/h2>\n\n<div class=\"wp-block-post-date\"><time datetime=\"2021-05-04T19:29:00+02:00\">4 de maig de 2021<\/time><\/div>\n<\/li><li class=\"wp-block-post post-70 post type-post status-publish format-standard has-post-thumbnail hentry category-jrs_comic category-ch4_nightffib tag-anne\">\n<h2 class=\"wp-block-post-title has-small-font-size\"><a href=\"https:\/\/www.maiuscentral.com\/jrs_ca\/grup-destudi\/\" target=\"_self\" >504 &#8211; Grup d&#8217;Estudi<\/a><\/h2>\n\n<div class=\"wp-block-post-date\"><time datetime=\"2021-04-15T19:24:00+02:00\">15 d&#8217;abril de 2021<\/time><\/div>\n<\/li><li class=\"wp-block-post post-67 post type-post status-publish format-standard has-post-thumbnail hentry category-jrs_comic category-ch4_nightffib tag-natius tag-pj tag-roy\">\n<h2 class=\"wp-block-post-title has-small-font-size\"><a href=\"https:\/\/www.maiuscentral.com\/jrs_ca\/noi-matiner\/\" target=\"_self\" >503 &#8211; Noi Matiner<\/a><\/h2>\n\n<div class=\"wp-block-post-date\"><time datetime=\"2021-04-07T19:15:00+02:00\">7 d&#8217;abril de 2021<\/time><\/div>\n<\/li><li class=\"wp-block-post post-64 post type-post status-publish format-standard has-post-thumbnail hentry category-jrs_comic category-ch4_nightffib tag-anne tag-roy\">\n<h2 class=\"wp-block-post-title has-small-font-size\"><a href=\"https:\/\/www.maiuscentral.com\/jrs_ca\/noia-matinera\/\" target=\"_self\" >502 &#8211; Noia Matinera<\/a><\/h2>\n\n<div class=\"wp-block-post-date\"><time datetime=\"2021-03-25T19:11:00+02:00\">25 de mar\u00e7 de 2021<\/time><\/div>\n<\/li><li class=\"wp-block-post post-61 post type-post status-publish format-standard has-post-thumbnail hentry category-jrs_comic category-ch4_nightffib tag-anne tag-roy\">\n<h2 class=\"wp-block-post-title has-small-font-size\"><a href=\"https:\/\/www.maiuscentral.com\/jrs_ca\/esmorzar-matiner\/\" target=\"_self\" >501 &#8211; Esmorzar Matiner<\/a><\/h2>\n\n<div class=\"wp-block-post-date\"><time datetime=\"2021-03-16T19:10:00+02:00\">16 de mar\u00e7 de 2021<\/time><\/div>\n<\/li><\/ul>\n\n\n<hr class=\"wp-block-separator has-alpha-channel-opacity is-style-wide\"\/>\n\n\n\n\n<\/div>\n\n\n<div class=\"wp-block-post-excerpt\"><p class=\"wp-block-post-excerpt__excerpt\">Aquest \u00e9s l&#8217;Arxiu del WebComic. Trobar\u00e0s totes les entrades fins al moment (en Catal\u00e0, des de la 500 a la darrera). <\/p><\/div>","protected":false},"excerpt":{"rendered":"<p>Aquest \u00e9s l&#8217;Arxiu del WebComic. Trobar\u00e0s totes les entrades fins al moment (en Catal\u00e0, des de la 500 a la darrera).<\/p>\n","protected":false},"author":1,"featured_media":0,"parent":0,"menu_order":0,"comment_status":"closed","ping_status":"closed","template":"","meta":{"footnotes":""},"class_list":["post-93","page","type-page","status-publish","hentry"],"jetpack_sharing_enabled":true,"_links":{"self":[{"href":"https:\/\/www.maiuscentral.com\/jrs_ca\/wp-json\/wp\/v2\/pages\/93","targetHints":{"allow":["GET"]}}],"collection":[{"href":"https:\/\/www.maiuscentral.com\/jrs_ca\/wp-json\/wp\/v2\/pages"}],"about":[{"href":"https:\/\/www.maiuscentral.com\/jrs_ca\/wp-json\/wp\/v2\/types\/page"}],"author":[{"embeddable":true,"href":"https:\/\/www.maiuscentral.com\/jrs_ca\/wp-json\/wp\/v2\/users\/1"}],"replies":[{"embeddable":true,"href":"https:\/\/www.maiuscentral.com\/jrs_ca\/wp-json\/wp\/v2\/comments?post=93"}],"version-history":[{"count":10,"href":"https:\/\/www.maiuscentral.com\/jrs_ca\/wp-json\/wp\/v2\/pages\/93\/revisions"}],"predecessor-version":[{"id":618,"href":"https:\/\/www.maiuscentral.com\/jrs_ca\/wp-json\/wp\/v2\/pages\/93\/revisions\/618"}],"wp:attachment":[{"href":"https:\/\/www.maiuscentral.com\/jrs_ca\/wp-json\/wp\/v2\/media?parent=93"}],"curies":[{"name":"wp","href":"https:\/\/api.w.org\/{rel}","templated":true}]}}