{"id":7,"date":"2022-08-23T18:36:31","date_gmt":"2022-08-23T18:36:31","guid":{"rendered":"https:\/\/www.maiuscentral.com\/jrs_ca\/home\/"},"modified":"2023-01-15T20:44:40","modified_gmt":"2023-01-15T18:44:40","slug":"about","status":"publish","type":"page","link":"https:\/\/www.maiuscentral.com\/jrs_ca\/about\/","title":{"rendered":"Sobre JRS C\u00f2mics"},"content":{"rendered":"\n<p>Durant uns pocs &#8220;Oasi&#8221; (la Revista dels Estudiants de la FIB), Ziritrion va fer unes tires c\u00f2miques protagonitzades per tres FIBers &#8220;furries&#8221; anomenats Johnny, Roy i Steffy (de la mateixa forma que els personatges dels problemes de l&#8217;assignatura ADA escrits per Salvador Roure i Jordi Petit). D&#8217;aqu\u00ed que em vaig enamorar dels personatges i li vaig demanar a Ziritrion que me&#8217;ls deix\u00e9s per a protagonitzar histories d&#8217;ells i de la FIB. A la pr\u00e0ctica, vaig acabar fent &#8220;fluff-smut fan-fiction&#8221;&#8230;<\/p>\n\n\n<div class=\"wp-block-image\">\n<figure class=\"aligncenter size-large is-resized\"><img loading=\"lazy\" decoding=\"async\" src=\"https:\/\/www.maiuscentral.com\/jrs_ca\/wp-content\/uploads\/2022\/08\/cartellffb06-1024x426.png\" alt=\"\" class=\"wp-image-91\" width=\"768\" height=\"320\" srcset=\"https:\/\/www.maiuscentral.com\/jrs_ca\/wp-content\/uploads\/2022\/08\/cartellffb06-1024x426.png 1024w, https:\/\/www.maiuscentral.com\/jrs_ca\/wp-content\/uploads\/2022\/08\/cartellffb06-300x125.png 300w, https:\/\/www.maiuscentral.com\/jrs_ca\/wp-content\/uploads\/2022\/08\/cartellffb06-768x320.png 768w, https:\/\/www.maiuscentral.com\/jrs_ca\/wp-content\/uploads\/2022\/08\/cartellffb06-1536x639.png 1536w, https:\/\/www.maiuscentral.com\/jrs_ca\/wp-content\/uploads\/2022\/08\/cartellffb06-2048x852.png 2048w, https:\/\/www.maiuscentral.com\/jrs_ca\/wp-content\/uploads\/2022\/08\/cartellffb06-1200x499.png 1200w\" sizes=\"auto, (max-width: 768px) 85vw, 768px\" \/><figcaption class=\"wp-element-caption\">(Cartell de la <em>FestaFIB<\/em> 2006, by Ziritrion)<\/figcaption><\/figure>\n<\/div>\n\n\n<p>Personatges:<\/p>\n\n\n\n<ul class=\"wp-block-list\">\n<li>Johnny: Ra\u00e7a felina, habitual passerell que all\u00e0 on va passa pen\u00faries, per\u00f2 sempre aconsegueix sortir-se&#8217;n. Es va apuntar a la FIB perqu\u00e8 li agrada la inform\u00e0tica a nivell no-freak. <s>Ha perdut l&#8217;esperan\u00e7a de trobar una noia a la FIB<\/s>.<\/li>\n\n\n\n<li>Roy: Panda roig (t.c.c. &#8220;firefox&#8221;), normalment conf\u00f3s amb un \u00f3s rentador. Geni en tots els \u00e0mbits provats i per provar, per\u00f2 altament ingenu. Sempre li ocorren coses fora del normal.<\/li>\n\n\n\n<li>Steffy: Conilla comuna. Encara no sap com va acabar a la FIB, per\u00f2 li agrada el que es troba. Far\u00e0 qualsevol cosa per demostrar que ella val, i passar-s&#8217;ho per la cara de totes les malparides del seu institut que es reien d&#8217;ella.<\/li>\n<\/ul>\n\n\n\n<p>Nota final: <s>Absteniu-vos de trobar Yiff o desviacions diverses &#8230; Furry no implica Yiff (al menys a curt termini).<\/s> El contingut \u00e9s principalment &#8220;Safe For Work&#8221;, amb alguns tocs erotic-festius, i no pas contingut dur o inapropiat.<\/p>\n\n\n\n<p>Nota final 2: Podeu trobar m\u00e9s coses de l&#8217;autor a <a rel=\"noreferrer noopener\" href=\"https:\/\/www.maiuscomics.com\/sensetomaquet\" target=\"_blank\">www.maiuscomics.com\/sensetomaquet<\/a><\/p>\n","protected":false},"excerpt":{"rendered":"<p>Durant uns pocs &#8220;Oasi&#8221; (la Revista dels Estudiants de la FIB), Ziritrion va fer unes tires c\u00f2miques protagonitzades per tres FIBers &#8220;furries&#8221; anomenats Johnny, Roy i Steffy (de la mateixa forma que els personatges dels problemes de l&#8217;assignatura ADA escrits per Salvador Roure i Jordi Petit). D&#8217;aqu\u00ed que em vaig enamorar dels personatges i li &hellip; <a href=\"https:\/\/www.maiuscentral.com\/jrs_ca\/about\/\" class=\"more-link\">Continua llegint <span class=\"screen-reader-text\">\u00abSobre JRS C\u00f2mics\u00bb<\/span><\/a><\/p>\n","protected":false},"author":1,"featured_media":0,"parent":0,"menu_order":0,"comment_status":"closed","ping_status":"closed","template":"","meta":{"footnotes":""},"class_list":["post-7","page","type-page","status-publish","hentry"],"jetpack_sharing_enabled":true,"_links":{"self":[{"href":"https:\/\/www.maiuscentral.com\/jrs_ca\/wp-json\/wp\/v2\/pages\/7","targetHints":{"allow":["GET"]}}],"collection":[{"href":"https:\/\/www.maiuscentral.com\/jrs_ca\/wp-json\/wp\/v2\/pages"}],"about":[{"href":"https:\/\/www.maiuscentral.com\/jrs_ca\/wp-json\/wp\/v2\/types\/page"}],"author":[{"embeddable":true,"href":"https:\/\/www.maiuscentral.com\/jrs_ca\/wp-json\/wp\/v2\/users\/1"}],"replies":[{"embeddable":true,"href":"https:\/\/www.maiuscentral.com\/jrs_ca\/wp-json\/wp\/v2\/comments?post=7"}],"version-history":[{"count":5,"href":"https:\/\/www.maiuscentral.com\/jrs_ca\/wp-json\/wp\/v2\/pages\/7\/revisions"}],"predecessor-version":[{"id":620,"href":"https:\/\/www.maiuscentral.com\/jrs_ca\/wp-json\/wp\/v2\/pages\/7\/revisions\/620"}],"wp:attachment":[{"href":"https:\/\/www.maiuscentral.com\/jrs_ca\/wp-json\/wp\/v2\/media?parent=7"}],"curies":[{"name":"wp","href":"https:\/\/api.w.org\/{rel}","templated":true}]}}