{"id":414,"date":"2022-12-29T21:46:29","date_gmt":"2022-12-29T19:46:29","guid":{"rendered":"https:\/\/www.maiuscentral.com\/jrs_ca\/?page_id=414"},"modified":"2023-05-21T19:19:09","modified_gmt":"2023-05-21T17:19:09","slug":"414-2","status":"publish","type":"page","link":"https:\/\/www.maiuscentral.com\/jrs_ca\/","title":{"rendered":"Portada"},"content":{"rendered":"\n<div class=\"wp-block-query is-layout-flow wp-block-query-is-layout-flow\">\n<div id=\"comic_container\" class=\"wp-block-group\"><div class=\"wp-block-group__inner-container is-layout-constrained wp-block-group-is-layout-constrained\"><\/div><\/div>\n\n\n<nav style=\"font-style:normal;font-weight:700;\" class=\"wp-block-query-pagination has-background has-light-gray-background-color is-content-justification-center is-layout-flex wp-container-core-query-pagination-is-layout-16018d1d wp-block-query-pagination-is-layout-flex\" aria-label=\"Paginaci\u00f3\">\n\n\n<div class=\"paginator_count wp-block-query-pagination-numbers\"><span aria-current=\"page\" class=\"page-numbers current\">1<\/span>\n<a class=\"page-numbers\" href=\"?query-1-page=2\">2<\/a>\n<a class=\"page-numbers\" href=\"?query-1-page=3\">3<\/a>\n<span class=\"page-numbers dots\">&hellip;<\/span>\n<a class=\"page-numbers\" href=\"?query-1-page=14\">14<\/a><\/div>\n\n<a href=\"\/jrs_ca\/wp-json\/wp\/v2\/pages\/414?query-1-page=2\" class=\"wp-block-query-pagination-next\">Anterior &gt;&gt;<\/a>\n<\/nav>\n\n\n<br>\n\n\n<ul class=\"wp-block-post-template is-layout-flow wp-block-post-template-is-layout-flow\"><li class=\"wp-block-post post-359 post type-post status-publish format-standard has-post-thumbnail hentry category-jrs_comic category-ch4_nightffib tag-gem tag-pen tag-steffy\">\n<h2 style=\"font-size:24px;font-style:normal;font-weight:300;line-height:0;text-decoration:none;text-transform:none;\" class=\"wp-block-post-title has-text-color has-medium-gray-color\"><a href=\"https:\/\/www.maiuscentral.com\/jrs_ca\/preparatius-part-2\/\" target=\"_self\" >514 &#8211; Preparatius (Part 2)<\/a><\/h2>\n\n<figure class=\"comic_contingut wp-block-post-featured-image\"><img loading=\"lazy\" decoding=\"async\" width=\"1200\" height=\"500\" src=\"https:\/\/www.maiuscentral.com\/jrs_ca\/wp-content\/uploads\/2022\/08\/jrs514-ca.png\" class=\"attachment-post-thumbnail size-post-thumbnail wp-post-image\" alt=\"\" style=\"object-fit:cover;\" srcset=\"https:\/\/www.maiuscentral.com\/jrs_ca\/wp-content\/uploads\/2022\/08\/jrs514-ca.png 1240w, https:\/\/www.maiuscentral.com\/jrs_ca\/wp-content\/uploads\/2022\/08\/jrs514-ca-300x125.png 300w, https:\/\/www.maiuscentral.com\/jrs_ca\/wp-content\/uploads\/2022\/08\/jrs514-ca-768x320.png 768w\" sizes=\"auto, (max-width: 709px) 85vw, (max-width: 909px) 67vw, (max-width: 984px) 60vw, (max-width: 1362px) 62vw, 840px\" \/><\/figure>\n\n<div class=\"entry-content comic_contingut wp-block-post-content is-layout-flow wp-block-post-content-is-layout-flow\">\n<p>Preparatius (Part 2) \u2013 Hola de nou! Aqu\u00ed ve una altra tira \ud83d\ude00<\/p>\n\n\n\n<p>(Nom\u00e9s vull fer constar que &#8220;The IT Crowd&#8221; \u00e9s una de les millors s\u00e8ries de TV modernes que he vist, i m&#8217;encanta cada sketch.)<\/p>\n<\/div>\n\n\n<div class=\"wp-block-group comic_footer has-small-font-size is-layout-flex wp-block-group-is-layout-flex\" style=\"font-style:normal;font-weight:300\"><div class=\"wp-block-post-date\"><time datetime=\"2022-02-15T18:46:00+02:00\">15 de febrer de 2022<\/time><\/div>\n\n<div class=\"taxonomy-category wp-block-post-terms\"><span class=\"wp-block-post-terms__prefix\">\/ <\/span><a href=\"https:\/\/www.maiuscentral.com\/jrs_ca\/category\/jrs_comic\/\" rel=\"tag\">JRS Comic<\/a><span class=\"wp-block-post-terms__separator\">, <\/span><a href=\"https:\/\/www.maiuscentral.com\/jrs_ca\/category\/jrs_comic\/ch4_nightffib\/\" rel=\"tag\">Night at FestaFIB<\/a><span class=\"wp-block-post-terms__suffix\"> \/<\/span><\/div>\n\n<div class=\"taxonomy-post_tag wp-block-post-terms\"><a href=\"https:\/\/www.maiuscentral.com\/jrs_ca\/tag\/gem\/\" rel=\"tag\">Gem<\/a><span class=\"wp-block-post-terms__separator\">, <\/span><a href=\"https:\/\/www.maiuscentral.com\/jrs_ca\/tag\/pen\/\" rel=\"tag\">Pen<\/a><span class=\"wp-block-post-terms__separator\">, <\/span><a href=\"https:\/\/www.maiuscentral.com\/jrs_ca\/tag\/steffy\/\" rel=\"tag\">Steffy<\/a><span class=\"wp-block-post-terms__suffix\"> \/<\/span><\/div>\n\n<a style=\"line-height:1.3;text-decoration:none;text-transform:none;\" class=\"comment_link wp-block-read-more\" href=\"https:\/\/www.maiuscentral.com\/jrs_ca\/preparatius-part-2\/\" target=\"_self\">Comentaris<span class=\"screen-reader-text\">: 514 &#8211; Preparatius (Part 2)<\/span><\/a>\n\n\n<section class=\"wp-block-comments comment_link\"><h6 id=\"comments\" class=\"comment_link wp-block-comments-title has-small-font-size\">Una resposta<\/h6><\/section>\n<\/div>\n\n<\/li><\/ul>\n\n\n<script>\ndocument.getElementById(\"comic_container\").appendChild(document.querySelector(\"figure.comic_contingut\"));\nvar pages = document.querySelectorAll(\".paginator_count > a, .paginator_count > span\");\nvar lastpage = Number(pages[pages.length - 1].textContent);\npages.forEach( pag => { if (!isNaN(Number(pag.textContent))) pag.innerHTML = lastpage + 1 - Number(pag.textContent) + 500; });\n<\/script>\n\n\n<\/div>\n\n\n\n<div style=\"height:4px; background-color: #AAA; margin-bottom: 20px;\"><\/div>\n\n\n<ul style=\"line-height:1.5;\" class=\"wp-block-latest-posts__list has-dates comic_contingut wp-block-latest-posts\"><li><a class=\"wp-block-latest-posts__post-title\" href=\"https:\/\/www.maiuscentral.com\/jrs_ca\/hello-world-un-altre-cop\/\">Hello World! (Un altre cop&#8230;)<\/a><time datetime=\"2021-03-01T18:47:00+02:00\" class=\"wp-block-latest-posts__post-date\">1 de mar\u00e7 de 2021<\/time><div class=\"wp-block-latest-posts__post-full-content\"><!-- wp:paragraph -->\n<p>Bon dia i bona hora! Benvinguts a la versi\u00f3 en Catal\u00e0 de &#8220;JRS Comics&#8221;!<\/p>\n<!-- \/wp:paragraph -->\n\n<!-- wp:paragraph -->\n<p>Despr\u00e9s de donar-li moltes voltes he decidit de comen\u00e7ar la versi\u00f3 en catal\u00e0 del webc\u00f2mic, comen\u00e7ant per la tira n\u00famero 501 (la primera d&#8217;aquesta temporada). Aix\u00ed que junt amb les versions en angl\u00e9s i castell\u00e0, anir\u00e9 pujant les edicions en catal\u00e0 aqu\u00ed mateix.<\/p>\n<!-- \/wp:paragraph -->\n\n<!-- wp:paragraph -->\n<p>A banda, vaig publicant coses a Twitter (<a rel=\"noreferrer noopener\" href=\"https:\/\/twitter.com\/SenseTomaquet\" target=\"_blank\">@sensetomaquet<\/a>) quan em ve en gana, ja que \u00faltimament l&#8217;Internet i les xarxes socials fan molta mandra. I en cas de que vulgueu llegir les primer\u00edssimes tires en versi\u00f3 castellana, de la 1 a la 500, ho teniu aqu\u00ed: <a rel=\"noreferrer noopener\" href=\"https:\/\/www.maiuscentral.com\/jrs\" target=\"_blank\">https:\/\/www.maiuscentral.com\/jrs<\/a>, per\u00f2 aneu en compte que els dibuixos son de fa 14 anys i son horribles.<\/p>\n<!-- \/wp:paragraph -->\n\n<!-- wp:paragraph -->\n<p>Aix\u00ed doncs, benvinguts i gaudiu de l&#8217;espectacle,<\/p>\n<!-- \/wp:paragraph -->\n\n<!-- wp:paragraph -->\n<p>Atentament, El Pitifl\u00ed<\/p>\n<!-- \/wp:paragraph --><\/div><\/li>\n<\/ul>","protected":false},"excerpt":{"rendered":"","protected":false},"author":1,"featured_media":0,"parent":0,"menu_order":0,"comment_status":"closed","ping_status":"closed","template":"","meta":{"footnotes":""},"class_list":["post-414","page","type-page","status-publish","hentry"],"jetpack_sharing_enabled":true,"_links":{"self":[{"href":"https:\/\/www.maiuscentral.com\/jrs_ca\/wp-json\/wp\/v2\/pages\/414","targetHints":{"allow":["GET"]}}],"collection":[{"href":"https:\/\/www.maiuscentral.com\/jrs_ca\/wp-json\/wp\/v2\/pages"}],"about":[{"href":"https:\/\/www.maiuscentral.com\/jrs_ca\/wp-json\/wp\/v2\/types\/page"}],"author":[{"embeddable":true,"href":"https:\/\/www.maiuscentral.com\/jrs_ca\/wp-json\/wp\/v2\/users\/1"}],"replies":[{"embeddable":true,"href":"https:\/\/www.maiuscentral.com\/jrs_ca\/wp-json\/wp\/v2\/comments?post=414"}],"version-history":[{"count":10,"href":"https:\/\/www.maiuscentral.com\/jrs_ca\/wp-json\/wp\/v2\/pages\/414\/revisions"}],"predecessor-version":[{"id":673,"href":"https:\/\/www.maiuscentral.com\/jrs_ca\/wp-json\/wp\/v2\/pages\/414\/revisions\/673"}],"wp:attachment":[{"href":"https:\/\/www.maiuscentral.com\/jrs_ca\/wp-json\/wp\/v2\/media?parent=414"}],"curies":[{"name":"wp","href":"https:\/\/api.w.org\/{rel}","templated":true}]}}