{"id":7,"date":"2008-06-03T13:15:36","date_gmt":"2008-06-03T20:15:36","guid":{"rendered":"http:\/\/www.maiuscentral.com\/jrs\/?page_id=2"},"modified":"2023-05-21T19:25:02","modified_gmt":"2023-05-21T17:25:02","slug":"about","status":"publish","type":"page","link":"https:\/\/www.maiuscentral.com\/jrs\/about\/","title":{"rendered":"Acerca de JRS C\u00f3mics"},"content":{"rendered":"<p align=\"justify\">Durante unos cuantos <a href=\"http:\/\/oasi.upc.es\/\" target=\"_blank\" rel=\"noopener\">Oasi<\/a>, Ziritri\u00f3n hizo unas tiras c\u00f3micas protagonizadas por tres FIBers \u201cfurries\u201d llamados Johnny, Roy y Steffy (igual que los personajes de los problemas de ADA escritos por Salvador Roure y Jordi Petit). De aqu\u00ed que me \u201cenamor\u00e9\u201d de los personajes y le ped\u00ed a Ziritri\u00f3n que me los prestara para protagonizar una historia basada en ellos y en la FIB.<\/p>\n<blockquote>\n<p align=\"justify\">\u00a1S\u00ed! Esto es t\u00e9cnicamente <em>smutt-fluff <\/em>fanfiction de los personajes de Ziritri\u00f3n<\/p>\n<\/blockquote>\n<p style=\"text-align: center;\"><a title=\"JRS FestaFIB 2006\" href=\"..\/..\/blog\/wp-content\/uploads\/2008\/04\/cartellffb06.png\"><img decoding=\"async\" src=\"..\/..\/blog\/wp-content\/uploads\/2008\/04\/cartellffb06.png\" alt=\"JRS FestaFIB 2006\" width=\"600\"><\/a><\/p>\n<p style=\"text-align: center;\">(Cartel de la <em>FestaFIB<\/em> 2006, by Ziritri\u00f3n)<\/p>\n<p align=\"justify\">Personajes:<\/p>\n<ul>\n<li>\n<p align=\"justify\">Johnny: Raza gatuna, habitual tipo pringadillo que all\u00ed donde va pasa penurias, pero que siempre consigue salir adelante. Se apunt\u00f3 en la FIB porque le mola la inform\u00e1tica a nivel no-freak. <del>Ha perdido la esperanza de encontrar una chica en la FIB.<\/del> Entonces conoci\u00f3 a Steffy en su primer laboratorio de F\u00edsica.<del><br \/>\n<\/del><\/p>\n<\/li>\n<li>\n<p align=\"justify\">Roy: Panda rojo (\u2026\u2026..firefox), normalmente confundido con un mapache. Genio en todos los \u00e1mbitos probados y por probar, pero altamente ingenuo. Siempre le pasan cosas fuera de lo normal.<\/p>\n<\/li>\n<li>\n<p align=\"justify\">Steffy: Conejita com\u00fan, tirando a \u201cnada mal\u2026\u201d. A\u00fan no sabe como acab\u00f3 en la FIB, pero le mola el asunto. Har\u00e1 cualquier cosa para demostrar que ella vale, y pas\u00e1rselo por la cara a todas las ni\u00f1atas de su instituto que se reian de ella.<\/p>\n<\/li>\n<\/ul>\n<div class=\"storycontent\">\n<p align=\"justify\">P.D.: <del>Absteneos de esperar Yiff o desviaciones v\u00e1rias&#8230; Furry no implica Yiff, \u00a1Cop\u00f3n! \u00a1Volveos a \/fur\/, maldita sea!<\/del> Esto es mayoritariamente \u00absafe for work\u00bb, con alg\u00fan desnudo casual, nada demasiado inapropiado.<\/p>\n<\/div>\n","protected":false},"excerpt":{"rendered":"<p>Durante unos cuantos Oasi, Ziritri\u00f3n hizo unas tiras c\u00f3micas protagonizadas por tres FIBers \u201cfurries\u201d llamados Johnny, Roy y Steffy (igual que los personajes de los problemas de ADA escritos por Salvador Roure y Jordi Petit). De aqu\u00ed que me \u201cenamor\u00e9\u201d de los personajes y le ped\u00ed a Ziritri\u00f3n que me los prestara para protagonizar una &hellip; <a href=\"https:\/\/www.maiuscentral.com\/jrs\/about\/\" class=\"more-link\">Continuar leyendo<span class=\"screen-reader-text\"> \u00abAcerca de JRS C\u00f3mics\u00bb<\/span><\/a><\/p>\n","protected":false},"author":2,"featured_media":0,"parent":0,"menu_order":0,"comment_status":"closed","ping_status":"closed","template":"","meta":{"footnotes":""},"class_list":["post-7","page","type-page","status-publish","hentry"],"jetpack_sharing_enabled":true,"_links":{"self":[{"href":"https:\/\/www.maiuscentral.com\/jrs\/wp-json\/wp\/v2\/pages\/7","targetHints":{"allow":["GET"]}}],"collection":[{"href":"https:\/\/www.maiuscentral.com\/jrs\/wp-json\/wp\/v2\/pages"}],"about":[{"href":"https:\/\/www.maiuscentral.com\/jrs\/wp-json\/wp\/v2\/types\/page"}],"author":[{"embeddable":true,"href":"https:\/\/www.maiuscentral.com\/jrs\/wp-json\/wp\/v2\/users\/2"}],"replies":[{"embeddable":true,"href":"https:\/\/www.maiuscentral.com\/jrs\/wp-json\/wp\/v2\/comments?post=7"}],"version-history":[{"count":3,"href":"https:\/\/www.maiuscentral.com\/jrs\/wp-json\/wp\/v2\/pages\/7\/revisions"}],"predecessor-version":[{"id":3271,"href":"https:\/\/www.maiuscentral.com\/jrs\/wp-json\/wp\/v2\/pages\/7\/revisions\/3271"}],"wp:attachment":[{"href":"https:\/\/www.maiuscentral.com\/jrs\/wp-json\/wp\/v2\/media?parent=7"}],"curies":[{"name":"wp","href":"https:\/\/api.w.org\/{rel}","templated":true}]}}