{"id":2723,"date":"2023-05-21T17:50:45","date_gmt":"2023-05-21T15:50:45","guid":{"rendered":"https:\/\/www.maiuscentral.com\/jrs2\/?page_id=2723"},"modified":"2023-05-21T18:58:32","modified_gmt":"2023-05-21T16:58:32","slug":"portada","status":"publish","type":"page","link":"https:\/\/www.maiuscentral.com\/jrs\/","title":{"rendered":"Portada"},"content":{"rendered":"\n<div class=\"wp-block-query is-layout-flow wp-block-query-is-layout-flow\">\n<div id=\"comic_container\" class=\"wp-block-group\"><div class=\"wp-block-group__inner-container is-layout-constrained wp-block-group-is-layout-constrained\"><\/div><\/div>\n\n\n<nav style=\"font-style:normal;font-weight:700;\" class=\"wp-block-query-pagination has-background has-light-gray-background-color is-content-justification-center is-layout-flex wp-container-core-query-pagination-is-layout-16018d1d wp-block-query-pagination-is-layout-flex\" aria-label=\"Paginaci\u00f3n\">\n\n\n<div class=\"paginator_count wp-block-query-pagination-numbers\"><span aria-current=\"page\" class=\"page-numbers current\">1<\/span>\n<a class=\"page-numbers\" href=\"?query-1-page=2\">2<\/a>\n<a class=\"page-numbers\" href=\"?query-1-page=3\">3<\/a>\n<span class=\"page-numbers dots\">&hellip;<\/span>\n<a class=\"page-numbers\" href=\"?query-1-page=515\">515<\/a><\/div>\n\n<a href=\"\/jrs\/wp-json\/wp\/v2\/pages\/2723?query-1-page=2\" class=\"wp-block-query-pagination-next\">Anterior &gt;&gt;<\/a>\n<\/nav>\n\n\n<br>\n\n\n<ul class=\"wp-block-post-template is-layout-flow wp-block-post-template-is-layout-flow\"><li class=\"wp-block-post post-2688 post type-post status-publish format-standard has-post-thumbnail hentry category-jrs-comics category-jrs-night-at-festafib tag-gem tag-pen tag-steffy\">\n<h2 style=\"font-size:24px;font-style:normal;font-weight:300;line-height:0;text-decoration:none;text-transform:none;\" class=\"wp-block-post-title has-text-color has-medium-gray-color\"><a href=\"https:\/\/www.maiuscentral.com\/jrs\/2022\/02\/15\/preparations-part-2\/\" target=\"_self\" >Preparations (Part 2)<\/a><\/h2>\n\n<div class=\"entry-content comic_contingut wp-block-post-content is-layout-flow wp-block-post-content-is-layout-flow\"><p>Preparaciones (Parte 2) &#8211; \u00a1Hola de nuevo! He aqu\u00ed otra tira \ud83d\ude00<\/p>\n<p>(Solo quiero declarar que \u00abThe IT Crowd\u00bb es una de las mejores series de TV modernas que he visto, y me encanta cada sketch)<\/p>\n<\/div>\n\n<figure class=\"comic_contingut wp-block-post-featured-image\"><img loading=\"lazy\" decoding=\"async\" width=\"1200\" height=\"500\" src=\"https:\/\/www.maiuscentral.com\/jrs\/wp-content\/uploads\/2022\/02\/jrs514-small.png\" class=\"attachment-post-thumbnail size-post-thumbnail wp-post-image\" alt=\"\" style=\"object-fit:cover;\" srcset=\"https:\/\/www.maiuscentral.com\/jrs\/wp-content\/uploads\/2022\/02\/jrs514-small.png 1240w, https:\/\/www.maiuscentral.com\/jrs\/wp-content\/uploads\/2022\/02\/jrs514-small-300x125.png 300w, https:\/\/www.maiuscentral.com\/jrs\/wp-content\/uploads\/2022\/02\/jrs514-small-1024x427.png 1024w, https:\/\/www.maiuscentral.com\/jrs\/wp-content\/uploads\/2022\/02\/jrs514-small-768x320.png 768w\" sizes=\"auto, (max-width: 709px) 85vw, (max-width: 909px) 67vw, (max-width: 984px) 60vw, (max-width: 1362px) 62vw, 840px\" \/><\/figure>\n\n\n<div class=\"wp-block-group comic_footer has-small-font-size is-layout-flex wp-block-group-is-layout-flex\" style=\"font-style:normal;font-weight:300\"><div class=\"wp-block-post-date\"><time datetime=\"2022-02-15T22:19:47+02:00\">15 de febrero de 2022<\/time><\/div>\n\n<div class=\"taxonomy-category wp-block-post-terms\"><span class=\"wp-block-post-terms__prefix\">\/ <\/span><a href=\"https:\/\/www.maiuscentral.com\/jrs\/category\/jrs-comics\/\" rel=\"tag\">JRS Comic<\/a><span class=\"wp-block-post-terms__separator\">, <\/span><a href=\"https:\/\/www.maiuscentral.com\/jrs\/category\/jrs-comics\/jrs-night-at-festafib\/\" rel=\"tag\">Night at FestaFIB<\/a><span class=\"wp-block-post-terms__suffix\"> \/<\/span><\/div>\n\n<div class=\"taxonomy-post_tag wp-block-post-terms\"><a href=\"https:\/\/www.maiuscentral.com\/jrs\/tag\/gem\/\" rel=\"tag\">Gem<\/a><span class=\"wp-block-post-terms__separator\">, <\/span><a href=\"https:\/\/www.maiuscentral.com\/jrs\/tag\/pen\/\" rel=\"tag\">Pen<\/a><span class=\"wp-block-post-terms__separator\">, <\/span><a href=\"https:\/\/www.maiuscentral.com\/jrs\/tag\/steffy\/\" rel=\"tag\">Steffy<\/a><span class=\"wp-block-post-terms__suffix\"> \/<\/span><\/div>\n\n<a style=\"line-height:1.3;text-decoration:none;text-transform:none;\" class=\"comment_link wp-block-read-more\" href=\"https:\/\/www.maiuscentral.com\/jrs\/2022\/02\/15\/preparations-part-2\/\" target=\"_self\">Comentarios<span class=\"screen-reader-text\">: Preparations (Part 2)<\/span><\/a>\n\n\n<section class=\"wp-block-comments comment_link\"><\/section>\n<\/div>\n\n<\/li><\/ul>\n\n\n<script>\ndocument.getElementById(\"comic_container\").appendChild(document.querySelector(\"figure.comic_contingut\"));\nvar pages = document.querySelectorAll(\".paginator_count > a, .paginator_count > span\");\nvar lastpage = Number(pages[pages.length - 1].textContent);\npages.forEach( pag => { if (!isNaN(Number(pag.textContent))) pag.innerHTML = lastpage - Number(pag.textContent); });\n<\/script>\n\n\n<\/div>\n\n\n\n<div style=\"height:4px; background-color: #AAA; margin-bottom: 20px;\"><\/div>\n\n\n<ul style=\"line-height:1.5;\" class=\"wp-block-latest-posts__list has-dates comic_contingut wp-block-latest-posts\"><li><a class=\"wp-block-latest-posts__post-title\" href=\"https:\/\/www.maiuscentral.com\/jrs\/2023\/05\/21\/hola-mundo-otra-vez\/\">Hola Mundo (Otra vez)<\/a><time datetime=\"2023-05-21T19:35:04+02:00\" class=\"wp-block-latest-posts__post-date\">21 de mayo de 2023<\/time><div class=\"wp-block-latest-posts__post-full-content\"><!-- wp:paragraph -->\n<p>\u00a1Hola, lectores! Esta es la versi\u00f3n nueva de la p\u00e1gina de JRS Comics.<\/p>\n<!-- \/wp:paragraph -->\n\n<!-- wp:paragraph -->\n<p>Despu\u00e9s de un a\u00f1o sin poder parar quieto, he renovado la p\u00e1gina evitando plug-ins de WordPress obsoletos o desatendidos, y portado todo el contenido y los 514 c\u00f3mics.<\/p>\n<!-- \/wp:paragraph -->\n\n<!-- wp:paragraph -->\n<p>Despu\u00e9s de pensarlo bien, he decidido que el principal medio de publicaci\u00f3n ser\u00e1 esta p\u00e1gina (junto con las p\u00e1ginas de traducci\u00f3n y \u00abSense Tom\u00e0quet\u00bb), y a parte voy a seguir sindicando publicaciones en Tumblr <a rel=\"noreferrer noopener\" href=\"http:\/\/pitifli.tumblr.com\" target=\"_blank\">pitifli.tumblr.com<\/a> y <a rel=\"noreferrer noopener\" href=\"http:\/\/jrscomics.tumblr.com\/\" target=\"_blank\">jrscomics.tumblr.com<\/a>, y Twitter <a rel=\"noreferrer noopener\" href=\"https:\/\/twitter.com\/SenseTomaquet\" target=\"_blank\">@sensetomaquet<\/a>, aunque no sean mis medios de comunicaci\u00f3n habituales. (Lo mejor que he hecho en tiempo ha sido desinstalar tales aplicaciones del tel\u00e9fono.)<\/p>\n<!-- \/wp:paragraph -->\n\n<!-- wp:paragraph -->\n<p>Adem\u00e1s, he renovado la p\u00e1gina de traducci\u00f3n al ingl\u00e9s (301 a actualidad), y creado una versi\u00f3n en catal\u00e1n para las \u00faltimas tiras (501 a actualidad).<\/p>\n<!-- \/wp:paragraph -->\n\n<!-- wp:paragraph -->\n<p>Gracias a todos, y disfrutad del espect\u00e1culo. \u00a1En breve habr\u00e1 m\u00e1s tiras!<\/p>\n<!-- \/wp:paragraph -->\n\n<!-- wp:paragraph -->\n<p>El Pitifl\u00ed<\/p>\n<!-- \/wp:paragraph --><\/div><\/li>\n<\/ul>","protected":false},"excerpt":{"rendered":"","protected":false},"author":2,"featured_media":0,"parent":0,"menu_order":0,"comment_status":"closed","ping_status":"closed","template":"","meta":{"footnotes":""},"class_list":["post-2723","page","type-page","status-publish","hentry"],"jetpack_sharing_enabled":true,"_links":{"self":[{"href":"https:\/\/www.maiuscentral.com\/jrs\/wp-json\/wp\/v2\/pages\/2723","targetHints":{"allow":["GET"]}}],"collection":[{"href":"https:\/\/www.maiuscentral.com\/jrs\/wp-json\/wp\/v2\/pages"}],"about":[{"href":"https:\/\/www.maiuscentral.com\/jrs\/wp-json\/wp\/v2\/types\/page"}],"author":[{"embeddable":true,"href":"https:\/\/www.maiuscentral.com\/jrs\/wp-json\/wp\/v2\/users\/2"}],"replies":[{"embeddable":true,"href":"https:\/\/www.maiuscentral.com\/jrs\/wp-json\/wp\/v2\/comments?post=2723"}],"version-history":[{"count":8,"href":"https:\/\/www.maiuscentral.com\/jrs\/wp-json\/wp\/v2\/pages\/2723\/revisions"}],"predecessor-version":[{"id":3296,"href":"https:\/\/www.maiuscentral.com\/jrs\/wp-json\/wp\/v2\/pages\/2723\/revisions\/3296"}],"wp:attachment":[{"href":"https:\/\/www.maiuscentral.com\/jrs\/wp-json\/wp\/v2\/media?parent=2723"}],"curies":[{"name":"wp","href":"https:\/\/api.w.org\/{rel}","templated":true}]}}